{"id":1351,"date":"2026-04-20T10:50:14","date_gmt":"2026-04-20T03:50:14","guid":{"rendered":"https:\/\/lildeegame.ddns.net\/?post_type=product&#038;p=1351"},"modified":"2026-04-28T21:36:00","modified_gmt":"2026-04-28T14:36:00","slug":"may-game-ds-lite","status":"publish","type":"product","link":"https:\/\/lildeegame.ddns.net\/index.php\/product\/may-game-ds-lite\/","title":{"rendered":"M\u00e1y game DS Lite"},"content":{"rendered":"<p>-M\u00e1y game DS Lite m\u00e0u x\u00e1m. V\u1ecf \u0111\u1eb9p, k\u00e8m \u0111\u1ee7 b\u00fat zin, d\u00e2y s\u1ea1c v\u00e0 c\u00f3 c\u1ea3 \u1ed1p nh\u1ef1a c\u1ee9ng \u0111i k\u00e8m b\u1ea3o v\u1ec7<br \/>\n-M\u00e0n h\u00ecnh d\u01b0\u1edbi c\u00f3 v\u00e0ng theo th\u1eddi gian. M\u00e0n tr\u00ean c\u00f3 h\u01a1i m\u1ed1c ch\u1ea5m \u1edf gi\u1eefa nh\u01b0ng kh\u00f4ng \u1ea3nh h\u01b0\u1edfng t\u1edbi tr\u1ea3i nghi\u1ec7m<\/p>\n<p>*Th\u00eam R4 s\u1ebd th\u00eam 300k<\/p>\n","protected":false},"excerpt":{"rendered":"<p>-M\u00e1y game DS Lite m\u00e0u x\u00e1m. V\u1ecf \u0111\u1eb9p, k\u00e8m \u0111\u1ee7 b\u00fat zin, d\u00e2y s\u1ea1c v\u00e0 c\u00f3 c\u1ea3 \u1ed1p nh\u1ef1a c\u1ee9ng \u0111i k\u00e8m b\u1ea3o v\u1ec7 -M\u00e0n h\u00ecnh d\u01b0\u1edbi c\u00f3 v\u00e0ng theo th\u1eddi gian. M\u00e0n tr\u00ean c\u00f3 h\u01a1i m\u1ed1c ch\u1ea5m \u1edf gi\u1eefa nh\u01b0ng kh\u00f4ng \u1ea3nh h\u01b0\u1edfng t\u1edbi tr\u1ea3i nghi\u1ec7m *Th\u00eam R4 s\u1ebd th\u00eam 300k<\/p>\n","protected":false},"featured_media":1344,"comment_status":"open","ping_status":"closed","template":"","meta":{"ocean_post_layout":"","ocean_both_sidebars_style":"","ocean_both_sidebars_content_width":0,"ocean_both_sidebars_sidebars_width":0,"ocean_sidebar":"0","ocean_second_sidebar":"0","ocean_disable_margins":"enable","ocean_add_body_class":"","ocean_shortcode_before_top_bar":"","ocean_shortcode_after_top_bar":"","ocean_shortcode_before_header":"","ocean_shortcode_after_header":"","ocean_has_shortcode":"","ocean_shortcode_after_title":"","ocean_shortcode_before_footer_widgets":"","ocean_shortcode_after_footer_widgets":"","ocean_shortcode_before_footer_bottom":"","ocean_shortcode_after_footer_bottom":"","ocean_display_top_bar":"default","ocean_display_header":"default","ocean_header_style":"","ocean_center_header_left_menu":"0","ocean_custom_header_template":"0","ocean_custom_logo":0,"ocean_custom_retina_logo":0,"ocean_custom_logo_max_width":0,"ocean_custom_logo_tablet_max_width":0,"ocean_custom_logo_mobile_max_width":0,"ocean_custom_logo_max_height":0,"ocean_custom_logo_tablet_max_height":0,"ocean_custom_logo_mobile_max_height":0,"ocean_header_custom_menu":"0","ocean_menu_typo_font_family":"0","ocean_menu_typo_font_subset":"","ocean_menu_typo_font_size":0,"ocean_menu_typo_font_size_tablet":0,"ocean_menu_typo_font_size_mobile":0,"ocean_menu_typo_font_size_unit":"px","ocean_menu_typo_font_weight":"","ocean_menu_typo_font_weight_tablet":"","ocean_menu_typo_font_weight_mobile":"","ocean_menu_typo_transform":"","ocean_menu_typo_transform_tablet":"","ocean_menu_typo_transform_mobile":"","ocean_menu_typo_line_height":0,"ocean_menu_typo_line_height_tablet":0,"ocean_menu_typo_line_height_mobile":0,"ocean_menu_typo_line_height_unit":"","ocean_menu_typo_spacing":0,"ocean_menu_typo_spacing_tablet":0,"ocean_menu_typo_spacing_mobile":0,"ocean_menu_typo_spacing_unit":"","ocean_menu_link_color":"","ocean_menu_link_color_hover":"","ocean_menu_link_color_active":"","ocean_menu_link_background":"","ocean_menu_link_hover_background":"","ocean_menu_link_active_background":"","ocean_menu_social_links_bg":"","ocean_menu_social_hover_links_bg":"","ocean_menu_social_links_color":"","ocean_menu_social_hover_links_color":"","ocean_disable_title":"default","ocean_disable_heading":"default","ocean_post_title":"","ocean_post_subheading":"","ocean_post_title_style":"","ocean_post_title_background_color":"","ocean_post_title_background":0,"ocean_post_title_bg_image_position":"","ocean_post_title_bg_image_attachment":"","ocean_post_title_bg_image_repeat":"","ocean_post_title_bg_image_size":"","ocean_post_title_height":0,"ocean_post_title_bg_overlay":0.5,"ocean_post_title_bg_overlay_color":"","ocean_disable_breadcrumbs":"default","ocean_breadcrumbs_color":"","ocean_breadcrumbs_separator_color":"","ocean_breadcrumbs_links_color":"","ocean_breadcrumbs_links_hover_color":"","ocean_display_footer_widgets":"default","ocean_display_footer_bottom":"default","ocean_custom_footer_template":"0","omw_enable_modal_window":"enable","jetpack_publicize_message":"","jetpack_publicize_feature_enabled":true,"jetpack_social_post_already_shared":true,"jetpack_social_options":{"image_generator_settings":{"template":"highway","default_image_id":0,"font":"","enabled":false},"version":2}},"product_brand":[30],"product_cat":[88,70],"product_tag":[89,49],"class_list":{"0":"post-1351","1":"product","2":"type-product","3":"status-publish","4":"has-post-thumbnail","6":"product_brand-nintendo","7":"product_cat-console","8":"product_cat-game","9":"product_tag-console","10":"product_tag-used","12":"entry","13":"has-media","15":"first","16":"outofstock","17":"shipping-taxable","18":"purchasable","19":"product-type-simple","20":"has-product-nav","21":"col","22":"span_1_of_3","23":"owp-content-center","24":"owp-thumbs-layout-horizontal","25":"owp-btn-normal","26":"owp-tabs-layout-horizontal"},"jetpack_publicize_connections":[],"jetpack_sharing_enabled":true,"_links":{"self":[{"href":"https:\/\/lildeegame.ddns.net\/index.php\/wp-json\/wp\/v2\/product\/1351","targetHints":{"allow":["GET"]}}],"collection":[{"href":"https:\/\/lildeegame.ddns.net\/index.php\/wp-json\/wp\/v2\/product"}],"about":[{"href":"https:\/\/lildeegame.ddns.net\/index.php\/wp-json\/wp\/v2\/types\/product"}],"replies":[{"embeddable":true,"href":"https:\/\/lildeegame.ddns.net\/index.php\/wp-json\/wp\/v2\/comments?post=1351"}],"wp:featuredmedia":[{"embeddable":true,"href":"https:\/\/lildeegame.ddns.net\/index.php\/wp-json\/wp\/v2\/media\/1344"}],"wp:attachment":[{"href":"https:\/\/lildeegame.ddns.net\/index.php\/wp-json\/wp\/v2\/media?parent=1351"}],"wp:term":[{"taxonomy":"product_brand","embeddable":true,"href":"https:\/\/lildeegame.ddns.net\/index.php\/wp-json\/wp\/v2\/product_brand?post=1351"},{"taxonomy":"product_cat","embeddable":true,"href":"https:\/\/lildeegame.ddns.net\/index.php\/wp-json\/wp\/v2\/product_cat?post=1351"},{"taxonomy":"product_tag","embeddable":true,"href":"https:\/\/lildeegame.ddns.net\/index.php\/wp-json\/wp\/v2\/product_tag?post=1351"}],"curies":[{"name":"wp","href":"https:\/\/api.w.org\/{rel}","templated":true}]}}