{"id":697,"date":"2026-03-07T10:07:02","date_gmt":"2026-03-07T03:07:02","guid":{"rendered":"https:\/\/lildeegame.ddns.net\/?post_type=product&#038;p=697"},"modified":"2026-03-07T10:07:02","modified_gmt":"2026-03-07T03:07:02","slug":"gamesir-g8-plus-thanos-edition","status":"publish","type":"product","link":"https:\/\/lildeegame.ddns.net\/index.php\/product\/gamesir-g8-plus-thanos-edition\/","title":{"rendered":"GAMESIR G8 PLUS Thanos Edition"},"content":{"rendered":"<ul data-start=\"0\" data-end=\"135\">\n<li data-section-id=\"1ip3b39\" data-start=\"0\" data-end=\"135\">\n<p data-start=\"2\" data-end=\"135\"><strong data-start=\"2\" data-end=\"30\">Grip tay c\u1ea7m \u0111i\u1ec7n tho\u1ea1i:<\/strong> GameSir G8 Plus Thanos Edition (h\u1ed7 tr\u1ee3 \u0111a n\u1ec1n t\u1ea3ng: Android \/ iOS \/ tablet). \u0110\u1ea7y \u0111\u1ee7 t\u00ednh n\u0103ng nh\u01b0 sau:<\/p>\n<\/li>\n<\/ul>\n<ul data-start=\"136\" data-end=\"647\" data-is-last-node=\"\" data-is-only-node=\"\">\n<li data-section-id=\"zvj3rj\" data-start=\"136\" data-end=\"242\">\n<p data-start=\"138\" data-end=\"242\"><strong data-start=\"138\" data-end=\"162\">Joystick Hall Effect<\/strong> \u2013 ch\u1ed1ng tr\u00f4i, \u0111\u1ed9 ch\u00ednh x\u00e1c cao, \u0111\u1ed9 b\u1ec1n v\u01b0\u1ee3t tr\u1ed9i so v\u1edbi joystick truy\u1ec1n th\u1ed1ng<\/p>\n<\/li>\n<li data-section-id=\"1i3d7pm\" data-start=\"243\" data-end=\"343\">\n<p data-start=\"245\" data-end=\"343\"><strong data-start=\"245\" data-end=\"275\">Ph\u00edm b\u1ea5m d\u1ea1ng micro-switch<\/strong> \u2013 ph\u1ea3n h\u1ed3i nhanh, c\u1ea3m gi\u00e1c b\u1ea5m r\u00f5 r\u00e0ng v\u00e0 d\u1ee9t kho\u00e1t khi ch\u01a1i game<\/p>\n<\/li>\n<li data-section-id=\"pq922s\" data-start=\"344\" data-end=\"449\">\n<p data-start=\"346\" data-end=\"449\"><strong data-start=\"346\" data-end=\"376\">Trang b\u1ecb ph\u00edm ph\u1ee5 ph\u00eda sau<\/strong> \u2013 h\u1ed7 tr\u1ee3 g\u00e1n ph\u00edm, thu\u1eadn ti\u1ec7n cho combo ho\u1eb7c thao t\u00e1c nhanh trong game<\/p>\n<\/li>\n<li data-section-id=\"1gxypa3\" data-start=\"450\" data-end=\"530\">\n<p data-start=\"452\" data-end=\"530\"><strong data-start=\"452\" data-end=\"481\">K\u1ebft n\u1ed1i Bluetooth \u1ed5n \u0111\u1ecbnh<\/strong> \u2013 d\u1ec5 d\u00e0ng s\u1eed d\u1ee5ng v\u1edbi nhi\u1ec1u thi\u1ebft b\u1ecb kh\u00e1c nhau<\/p>\n<\/li>\n<li data-section-id=\"1tu1c5m\" data-start=\"531\" data-end=\"647\" data-is-last-node=\"\">\n<p data-start=\"533\" data-end=\"647\" data-is-last-node=\"\"><strong data-start=\"533\" data-end=\"578\">Trang b\u1ecb rung ph\u1ea3n h\u1ed3i (Haptic vibration)<\/strong> \u2013 t\u0103ng tr\u1ea3i nghi\u1ec7m, gi\u00fap c\u1ea3m gi\u00e1c ch\u01a1i game ch\u00e2n th\u1ef1c v\u00e0 \u201c\u0111\u00e3\u201d h\u01a1n \ud83c\udfae<\/p>\n<\/li>\n<\/ul>\n","protected":false},"excerpt":{"rendered":"<p>Grip tay c\u1ea7m \u0111i\u1ec7n tho\u1ea1i: GameSir G8 Plus Thanos Edition (h\u1ed7 tr\u1ee3 \u0111a n\u1ec1n t\u1ea3ng: Android \/ iOS \/ tablet). \u0110\u1ea7y \u0111\u1ee7 t\u00ednh n\u0103ng nh\u01b0 sau: Joystick Hall Effect \u2013 ch\u1ed1ng tr\u00f4i, \u0111\u1ed9 ch\u00ednh x\u00e1c cao, \u0111\u1ed9 b\u1ec1n v\u01b0\u1ee3t tr\u1ed9i so v\u1edbi joystick truy\u1ec1n th\u1ed1ng Ph\u00edm b\u1ea5m d\u1ea1ng micro-switch \u2013 ph\u1ea3n h\u1ed3i nhanh, c\u1ea3m gi\u00e1c [&hellip;]<\/p>\n","protected":false},"featured_media":707,"comment_status":"open","ping_status":"closed","template":"","meta":{"ocean_post_layout":"","ocean_both_sidebars_style":"","ocean_both_sidebars_content_width":0,"ocean_both_sidebars_sidebars_width":0,"ocean_sidebar":"0","ocean_second_sidebar":"0","ocean_disable_margins":"enable","ocean_add_body_class":"","ocean_shortcode_before_top_bar":"","ocean_shortcode_after_top_bar":"","ocean_shortcode_before_header":"","ocean_shortcode_after_header":"","ocean_has_shortcode":"","ocean_shortcode_after_title":"","ocean_shortcode_before_footer_widgets":"","ocean_shortcode_after_footer_widgets":"","ocean_shortcode_before_footer_bottom":"","ocean_shortcode_after_footer_bottom":"","ocean_display_top_bar":"default","ocean_display_header":"default","ocean_header_style":"","ocean_center_header_left_menu":"0","ocean_custom_header_template":"0","ocean_custom_logo":0,"ocean_custom_retina_logo":0,"ocean_custom_logo_max_width":0,"ocean_custom_logo_tablet_max_width":0,"ocean_custom_logo_mobile_max_width":0,"ocean_custom_logo_max_height":0,"ocean_custom_logo_tablet_max_height":0,"ocean_custom_logo_mobile_max_height":0,"ocean_header_custom_menu":"0","ocean_menu_typo_font_family":"0","ocean_menu_typo_font_subset":"","ocean_menu_typo_font_size":0,"ocean_menu_typo_font_size_tablet":0,"ocean_menu_typo_font_size_mobile":0,"ocean_menu_typo_font_size_unit":"px","ocean_menu_typo_font_weight":"","ocean_menu_typo_font_weight_tablet":"","ocean_menu_typo_font_weight_mobile":"","ocean_menu_typo_transform":"","ocean_menu_typo_transform_tablet":"","ocean_menu_typo_transform_mobile":"","ocean_menu_typo_line_height":0,"ocean_menu_typo_line_height_tablet":0,"ocean_menu_typo_line_height_mobile":0,"ocean_menu_typo_line_height_unit":"","ocean_menu_typo_spacing":0,"ocean_menu_typo_spacing_tablet":0,"ocean_menu_typo_spacing_mobile":0,"ocean_menu_typo_spacing_unit":"","ocean_menu_link_color":"","ocean_menu_link_color_hover":"","ocean_menu_link_color_active":"","ocean_menu_link_background":"","ocean_menu_link_hover_background":"","ocean_menu_link_active_background":"","ocean_menu_social_links_bg":"","ocean_menu_social_hover_links_bg":"","ocean_menu_social_links_color":"","ocean_menu_social_hover_links_color":"","ocean_disable_title":"default","ocean_disable_heading":"default","ocean_post_title":"","ocean_post_subheading":"","ocean_post_title_style":"","ocean_post_title_background_color":"","ocean_post_title_background":0,"ocean_post_title_bg_image_position":"","ocean_post_title_bg_image_attachment":"","ocean_post_title_bg_image_repeat":"","ocean_post_title_bg_image_size":"","ocean_post_title_height":0,"ocean_post_title_bg_overlay":0.5,"ocean_post_title_bg_overlay_color":"","ocean_disable_breadcrumbs":"default","ocean_breadcrumbs_color":"","ocean_breadcrumbs_separator_color":"","ocean_breadcrumbs_links_color":"","ocean_breadcrumbs_links_hover_color":"","ocean_display_footer_widgets":"default","ocean_display_footer_bottom":"default","ocean_custom_footer_template":"0","omw_enable_modal_window":"enable","jetpack_publicize_message":"","jetpack_publicize_feature_enabled":true,"jetpack_social_post_already_shared":false,"jetpack_social_options":{"image_generator_settings":{"template":"highway","default_image_id":0,"font":"","enabled":false},"version":2}},"product_brand":[72],"product_cat":[71,57],"product_tag":[73,49],"class_list":{"0":"post-697","1":"product","2":"type-product","3":"status-publish","4":"has-post-thumbnail","6":"product_brand-gamesir","7":"product_cat-accessories","8":"product_cat-toys-accessories","9":"product_tag-likenew","10":"product_tag-used","12":"entry","13":"has-media","15":"first","16":"instock","17":"shipping-taxable","18":"purchasable","19":"product-type-simple","20":"has-product-nav","21":"col","22":"span_1_of_3","23":"owp-content-center","24":"owp-thumbs-layout-horizontal","25":"owp-btn-normal","26":"owp-tabs-layout-horizontal"},"jetpack_publicize_connections":[],"jetpack_sharing_enabled":true,"_links":{"self":[{"href":"https:\/\/lildeegame.ddns.net\/index.php\/wp-json\/wp\/v2\/product\/697","targetHints":{"allow":["GET"]}}],"collection":[{"href":"https:\/\/lildeegame.ddns.net\/index.php\/wp-json\/wp\/v2\/product"}],"about":[{"href":"https:\/\/lildeegame.ddns.net\/index.php\/wp-json\/wp\/v2\/types\/product"}],"replies":[{"embeddable":true,"href":"https:\/\/lildeegame.ddns.net\/index.php\/wp-json\/wp\/v2\/comments?post=697"}],"wp:featuredmedia":[{"embeddable":true,"href":"https:\/\/lildeegame.ddns.net\/index.php\/wp-json\/wp\/v2\/media\/707"}],"wp:attachment":[{"href":"https:\/\/lildeegame.ddns.net\/index.php\/wp-json\/wp\/v2\/media?parent=697"}],"wp:term":[{"taxonomy":"product_brand","embeddable":true,"href":"https:\/\/lildeegame.ddns.net\/index.php\/wp-json\/wp\/v2\/product_brand?post=697"},{"taxonomy":"product_cat","embeddable":true,"href":"https:\/\/lildeegame.ddns.net\/index.php\/wp-json\/wp\/v2\/product_cat?post=697"},{"taxonomy":"product_tag","embeddable":true,"href":"https:\/\/lildeegame.ddns.net\/index.php\/wp-json\/wp\/v2\/product_tag?post=697"}],"curies":[{"name":"wp","href":"https:\/\/api.w.org\/{rel}","templated":true}]}}