{"id":931,"date":"2026-03-18T12:09:13","date_gmt":"2026-03-18T05:09:13","guid":{"rendered":"https:\/\/lildeegame.ddns.net\/?post_type=product&#038;p=931"},"modified":"2026-04-21T18:14:35","modified_gmt":"2026-04-21T11:14:35","slug":"den-led-super-mario","status":"publish","type":"product","link":"https:\/\/lildeegame.ddns.net\/index.php\/product\/den-led-super-mario\/","title":{"rendered":"\u0110\u00e8n LED &#8220;?&#8221; Super Mario"},"content":{"rendered":"<p>-\u0110\u00e8n h\u00ecnh \u00f4 vu\u00f4ng &#8220;?&#8221; n\u1ed5i ti\u1ebfng trong series game Mario. H\u00e0ng s\u1ea3n xu\u1ea5 trung qu\u1ed1c<\/p>\n<p>-C\u00f3 pin, s\u1ea1c b\u1eb1ng c\u1ed5ng USB Type C. C\u00f3 \u00e2m thanh khi \u1ea5n xu\u1ed1ng<\/p>\n<p>-Ph\u00f9 h\u1ee3p l\u00e0m \u0111\u1ed3 decor ho\u1eb7c \u0111\u00e8n ng\u1ee7, d\u00e0nh cho fan game Mario<\/p>\n<p>*Kh\u00f4ng bao g\u1ed3m t\u01b0\u1ee3ng Mario ch\u1ee5p c\u00f9ng*<\/p>\n","protected":false},"excerpt":{"rendered":"<p>-\u0110\u00e8n h\u00ecnh \u00f4 vu\u00f4ng &#8220;?&#8221; n\u1ed5i ti\u1ebfng trong series game Mario. H\u00e0ng s\u1ea3n xu\u1ea5 trung qu\u1ed1c -C\u00f3 pin, s\u1ea1c b\u1eb1ng c\u1ed5ng USB Type C. C\u00f3 \u00e2m thanh khi \u1ea5n xu\u1ed1ng -Ph\u00f9 h\u1ee3p l\u00e0m \u0111\u1ed3 decor ho\u1eb7c \u0111\u00e8n ng\u1ee7, d\u00e0nh cho fan game Mario *Kh\u00f4ng bao g\u1ed3m t\u01b0\u1ee3ng Mario ch\u1ee5p c\u00f9ng*<\/p>\n","protected":false},"featured_media":932,"comment_status":"open","ping_status":"closed","template":"","meta":{"ocean_post_layout":"","ocean_both_sidebars_style":"","ocean_both_sidebars_content_width":0,"ocean_both_sidebars_sidebars_width":0,"ocean_sidebar":"0","ocean_second_sidebar":"0","ocean_disable_margins":"enable","ocean_add_body_class":"","ocean_shortcode_before_top_bar":"","ocean_shortcode_after_top_bar":"","ocean_shortcode_before_header":"","ocean_shortcode_after_header":"","ocean_has_shortcode":"","ocean_shortcode_after_title":"","ocean_shortcode_before_footer_widgets":"","ocean_shortcode_after_footer_widgets":"","ocean_shortcode_before_footer_bottom":"","ocean_shortcode_after_footer_bottom":"","ocean_display_top_bar":"default","ocean_display_header":"default","ocean_header_style":"","ocean_center_header_left_menu":"0","ocean_custom_header_template":"0","ocean_custom_logo":0,"ocean_custom_retina_logo":0,"ocean_custom_logo_max_width":0,"ocean_custom_logo_tablet_max_width":0,"ocean_custom_logo_mobile_max_width":0,"ocean_custom_logo_max_height":0,"ocean_custom_logo_tablet_max_height":0,"ocean_custom_logo_mobile_max_height":0,"ocean_header_custom_menu":"0","ocean_menu_typo_font_family":"0","ocean_menu_typo_font_subset":"","ocean_menu_typo_font_size":0,"ocean_menu_typo_font_size_tablet":0,"ocean_menu_typo_font_size_mobile":0,"ocean_menu_typo_font_size_unit":"px","ocean_menu_typo_font_weight":"","ocean_menu_typo_font_weight_tablet":"","ocean_menu_typo_font_weight_mobile":"","ocean_menu_typo_transform":"","ocean_menu_typo_transform_tablet":"","ocean_menu_typo_transform_mobile":"","ocean_menu_typo_line_height":0,"ocean_menu_typo_line_height_tablet":0,"ocean_menu_typo_line_height_mobile":0,"ocean_menu_typo_line_height_unit":"","ocean_menu_typo_spacing":0,"ocean_menu_typo_spacing_tablet":0,"ocean_menu_typo_spacing_mobile":0,"ocean_menu_typo_spacing_unit":"","ocean_menu_link_color":"","ocean_menu_link_color_hover":"","ocean_menu_link_color_active":"","ocean_menu_link_background":"","ocean_menu_link_hover_background":"","ocean_menu_link_active_background":"","ocean_menu_social_links_bg":"","ocean_menu_social_hover_links_bg":"","ocean_menu_social_links_color":"","ocean_menu_social_hover_links_color":"","ocean_disable_title":"default","ocean_disable_heading":"default","ocean_post_title":"","ocean_post_subheading":"","ocean_post_title_style":"","ocean_post_title_background_color":"","ocean_post_title_background":0,"ocean_post_title_bg_image_position":"","ocean_post_title_bg_image_attachment":"","ocean_post_title_bg_image_repeat":"","ocean_post_title_bg_image_size":"","ocean_post_title_height":0,"ocean_post_title_bg_overlay":0.5,"ocean_post_title_bg_overlay_color":"","ocean_disable_breadcrumbs":"default","ocean_breadcrumbs_color":"","ocean_breadcrumbs_separator_color":"","ocean_breadcrumbs_links_color":"","ocean_breadcrumbs_links_hover_color":"","ocean_display_footer_widgets":"default","ocean_display_footer_bottom":"default","ocean_custom_footer_template":"0","omw_enable_modal_window":"enable","jetpack_publicize_message":"","jetpack_publicize_feature_enabled":true,"jetpack_social_post_already_shared":true,"jetpack_social_options":{"image_generator_settings":{"template":"highway","default_image_id":0,"font":"","enabled":false},"version":2}},"product_brand":[82],"product_cat":[74,57],"product_tag":[83,66],"class_list":{"0":"post-931","1":"product","2":"type-product","3":"status-publish","4":"has-post-thumbnail","6":"product_brand-china","7":"product_cat-toys","8":"product_cat-toys-accessories","9":"product_tag-china","10":"product_tag-toy","12":"entry","13":"has-media","15":"first","16":"outofstock","17":"shipping-taxable","18":"purchasable","19":"product-type-simple","20":"has-product-nav","21":"col","22":"span_1_of_3","23":"owp-content-center","24":"owp-thumbs-layout-horizontal","25":"owp-btn-normal","26":"owp-tabs-layout-horizontal","27":"has-no-thumbnails"},"jetpack_publicize_connections":[],"jetpack_sharing_enabled":true,"_links":{"self":[{"href":"https:\/\/lildeegame.ddns.net\/index.php\/wp-json\/wp\/v2\/product\/931","targetHints":{"allow":["GET"]}}],"collection":[{"href":"https:\/\/lildeegame.ddns.net\/index.php\/wp-json\/wp\/v2\/product"}],"about":[{"href":"https:\/\/lildeegame.ddns.net\/index.php\/wp-json\/wp\/v2\/types\/product"}],"replies":[{"embeddable":true,"href":"https:\/\/lildeegame.ddns.net\/index.php\/wp-json\/wp\/v2\/comments?post=931"}],"wp:featuredmedia":[{"embeddable":true,"href":"https:\/\/lildeegame.ddns.net\/index.php\/wp-json\/wp\/v2\/media\/932"}],"wp:attachment":[{"href":"https:\/\/lildeegame.ddns.net\/index.php\/wp-json\/wp\/v2\/media?parent=931"}],"wp:term":[{"taxonomy":"product_brand","embeddable":true,"href":"https:\/\/lildeegame.ddns.net\/index.php\/wp-json\/wp\/v2\/product_brand?post=931"},{"taxonomy":"product_cat","embeddable":true,"href":"https:\/\/lildeegame.ddns.net\/index.php\/wp-json\/wp\/v2\/product_cat?post=931"},{"taxonomy":"product_tag","embeddable":true,"href":"https:\/\/lildeegame.ddns.net\/index.php\/wp-json\/wp\/v2\/product_tag?post=931"}],"curies":[{"name":"wp","href":"https:\/\/api.w.org\/{rel}","templated":true}]}}